{"id":599,"date":"2018-03-11T11:36:52","date_gmt":"2018-03-11T11:36:52","guid":{"rendered":"https:\/\/perfekttrade.de\/?page_id=599"},"modified":"2018-04-02T15:44:43","modified_gmt":"2018-04-02T15:44:43","slug":"datenschutzbelehrung-bis-25-05-2018","status":"publish","type":"page","link":"https:\/\/perfekttrade.de\/?page_id=599","title":{"rendered":"Datenschutzbelehrung bis 25.05.2018"},"content":{"rendered":"<h3><strong>Datenschutzbelehrung bis 25.05.2018<\/strong><\/h3>\n<p><strong>Personenbezogene Daten<\/strong><br \/>\nPersonenbezogene Daten sind Einzelangaben \u00fcber pers\u00f6nliche oder sachliche Verh\u00e4ltnisse einer bestimmten oder bestimmbaren nat\u00fcrlichen Person. Darunter fallen Informationen wie z. B. Ihr Name, Ihre Anschrift, Ihre Telefonnummer und Ihr Geburtsdatum.<\/p>\n<p>Informationen, die nicht direkt mit Ihrer wirklichen Identit\u00e4t in Verbindung gebracht werden \u2013 wie z. B. favorisierte Webseiten oder Anzahl der Nutzer einer Seite \u2013 sind keine personenbezogenen Daten.<\/p>\n<p><strong>Erhebung und Verarbeitung von personenbezogenen Daten<\/strong><br \/>\nWenn Sie unsere Webseiten besuchen, speichern unsere Webserver standardm\u00e4\u00dfig zum Zweck der Systemsicherheit tempor\u00e4r die Verbindungsdaten des anfragenden Rechners, die Webseiten, die Sie bei uns besuchen, das Datum und die Dauer des Besuches, die Erkennungsdaten des verwendeten Browser- und Betriebssystem-Typs sowie die Webseite, von der aus Sie uns besuchen. Dar\u00fcber hinausgehende personenbezogene Angaben wie Ihr Name, Ihre Anschrift, Telefonnummer oder E-Mail-Adresse werden nicht erfasst, es sei denn, diese Angaben werden von Ihnen freiwillig gemacht, z. B. im Rahmen einer Newsletter-Registrierung oder einer Informationsanfrage.<\/p>\n<p><strong>Nutzung und Weitergabe der personenbezogenen Daten<\/strong><br \/>\nDie von Ihnen zur Verf\u00fcgung gestellten personenbezogenen Daten verwenden wir ausschlie\u00dflich zum Zweck der Erf\u00fcllung Ihrer W\u00fcnsche und Anforderungen, also in der Regel zur Beantwortung Ihrer Anfrage oder zur Zusendung unseres Newsletters.<\/p>\n<p>Eine Weitergabe, Verkauf oder sonstige \u00dcbermittlung Ihrer personenbezogenen Daten an Dritte erfolgt nicht, es sei denn, dass dies zum Zwecke der Vertragsabwicklung erforderlich ist oder Sie ausdr\u00fccklich\u00a0eingewilligt haben.<\/p>\n<p><strong>Einsatz von Cookies<\/strong><br \/>\n\u201cCookies\u201d sind kleine Dateien, die es uns erm\u00f6glichen auf Ihrem PC spezifische, auf Sie, den Nutzer, bezogene Informationen zu speichern, w\u00e4hrend Sie eine unserer Web-Seiten besuchen. Cookies helfen uns dabei, die Nutzungsh\u00e4ufigkeit und die Anzahl der Nutzer unserer Internetseiten zu ermitteln, sowie unsere Angebote f\u00fcr Sie m\u00f6glichst komfortabel und effizient zu gestalten. Der Inhalt der von uns verwendeten Cookies beschr\u00e4nkt sich auf eine Identifikationsnummer, die keine Personenbeziehbarkeit mehr auf den Nutzer zul\u00e4sst.<\/p>\n<p>Eine Nutzung unserer Angebote ist auch ohne Cookies m\u00f6glich. Sie k\u00f6nnen in Ihrem Browser das Speichern von Cookies deaktivieren, auf bestimmte Websites beschr\u00e4nken oder Ihren Browser so einstellen, dass er sie benachrichtigt, sobald ein Cookie gesendet wird. Sie k\u00f6nnen Cookies auch jederzeit von der Festplatte ihres PCs l\u00f6schen. Bitte beachten Sie aber, dass Sie in diesem Fall mit einer eingeschr\u00e4nkten Darstellung der Seite und mit einer eingeschr\u00e4nkten Benutzerf\u00fchrung rechnen m\u00fcssen.<\/p>\n<p><strong>Retargeting Technologien<\/strong><br \/>\nDiese Website verwendet sogenannte Retargeting-Technologien. Wir nutzen diese Technologien, um f\u00fcr Sie das Internetangebot interessanter zu gestalten. Diese Technik erm\u00f6glicht es, Internetnutzer, die sich bereits f\u00fcr unsere Produkte und Dienstleistungen interessiert haben, auf den Websites unserer Partner mit Werbung anzusprechen. Wir sind davon \u00fcberzeugt, dass die Einblendung einer personalisierten, interessenbezogenen Werbung in der Regel f\u00fcr den Internetnutzer interessanter ist als Werbung, die keinen solchen pers\u00f6nlichen Bezug hat. Die Einblendung dieser Werbemittel auf den Seiten unserer Partner erfolgt auf Basis einer Cookie-Technologie und einer Analyse des vorherigen Nutzungsverhaltens. Diese Form der Werbung erfolgt vollkommen anonym. Es werden keine personenbezogenen Daten gespeichert und es werden auch keine Nutzungsprofile mit Ihren personenbezogenen Daten zusammengef\u00fchrt.<\/p>\n<p><strong>Newsletter<\/strong><br \/>\nWenn Sie unseren Newsletter bestellen wollen, ben\u00f6tigen wir neben Ihrer E-Mail-Adresse die Best\u00e4tigung, dass Sie der Inhaber der angegebenen Email-Adresse sind und mit dem Empfang des Newsletters einverstanden sind. Diese Daten werden nur zu dem Zweck erhoben, Ihnen den Newsletter schicken zu k\u00f6nnen und unsere diesbez\u00fcgliche Berechtigung zu dokumentieren. Eine Weitergabe der Daten an Dritte erfolgt nicht. Die Bestellung des Newsletters und Ihre Einwilligung zur Speicherung der E-Mail-Adresse k\u00f6nnen Sie jederzeit widerrufen. Benutzer, die unseren Newsletter nicht mehr l\u00e4nger erhalten wollen, klicken einen Link namens &#8222;hier abmelden&#8220;, der in allen von PerfektTrade gesendeten E-Mails enthalten ist.<\/p>\n<p><strong>PayPal<\/strong><br \/>\nWir nutzen den Dienst \u201ePayPal\u201c f\u00fcr folgende Zahlungsarten:<\/p>\n<ul>\n<li style=\"text-align: left;\">Paypal,<\/li>\n<li style=\"text-align: left;\">Lastschrift,<\/li>\n<li style=\"text-align: left;\">Rechnungskauf sowie<\/li>\n<li style=\"text-align: left;\">Kreditkarte.<\/li>\n<\/ul>\n<p>\u201ePayPal\u201c ist ein Angebot der PayPal (Europe) S.\u00e0 r.l. et Cie, S.C.A. 22-24 Boulevard Royal, L-2449 Luxemburg (\u201ePayPal\u201c). Soweit PayPal PLUS zur Abwicklung der Zahlung verwendet wird, werden Ihre eingegebenen Daten nach Bestellabschluss an PayPal \u00fcbermittelt. Es gelten insoweit die Datenschutzbestimmungen der Fa. PayPal, die Sie hier abrufen k\u00f6nnen:\u00a0<a href=\"&quot;https:\/\/www.paypal.com\/de\/webapps\/mpp\/ua\/privacy-full\">https:\/\/www.paypal.com\/de\/webapps\/mpp\/ua\/privacy-full<\/a><\/p>\n<p><strong>Einsatz von Google<\/strong><br \/>\nDiese Website verwendet die Remarketing-Funktion der Google Inc. (\u201eGoogle\u201c). Diese Funktion dient dazu, Besuchern der Website im Rahmen des Google-Werbenetzwerks interessenbezogene Werbeanzeigen zu pr\u00e4sentieren. Der Browser des Webseitenbesuchers speichert sog. \u201eCookies\u201c, Textdateien, die auf Ihrem Computer gespeichert werden und die es erm\u00f6glichen, den Besucher wiederzuerkennen, wenn dieser Websites aufruft, die dem Werbenetzwerk von Google angeh\u00f6ren. Auf diesen Seiten k\u00f6nnen dem Besucher dann Werbeanzeigen pr\u00e4sentiert werden, die sich auf Inhalte beziehen, die der Besucher zuvor auf Websites aufgerufen hat, die die Remarketing Funktion von Google verwenden. Nach eigenen Angaben erhebt Google bei diesem Vorgang keine personenbezogenen Daten. Sollten Sie die Funktion Remarketing von Google dennoch nicht w\u00fcnschen, k\u00f6nnen Sie diese grunds\u00e4tzlich deaktivieren, indem Sie die entsprechenden Einstellungen unter <a href=\"http:\/\/www.google.com\/settings\/ads\">www.google.com\/settings\/ads<\/a>\u00a0vornehmen.<\/p>\n<p>Alternativ k\u00f6nnen Sie den Einsatz von Cookies f\u00fcr interessenbezogene Werbung \u00fcber die Werbenetzwerkinitiative deaktivieren, indem Sie den Anweisungen unter\u00a0<a href=\"http:\/\/www.networkadvertising.org\/managing\/opt_out.asp\">http:\/\/www.networkadvertising.org\/managing\/opt_out.asp<\/a>\u00a0folgen.<\/p>\n<p>Weiterf\u00fchrende Informationen zu Google Remarketing und die Datenschutzerkl\u00e4rung von Google k\u00f6nnen Sie einsehen unter:\u00a0<a href=\"http:\/\/www.google.com\/privacy\/ads\/\">http:\/\/www.google.com\/privacy\/ads\/<\/a>.<\/p>\n<p><strong>Einsatz von Google Analytics<\/strong><br \/>\nDiese Website benutzt Google Analytics, einen Webanalysedienst der Google Inc. (\u201eGoogle\u201c). Google Analytics verwendet sog. \u201eCookies\u201c, Textdateien, die auf Ihrem Computer gespeichert werden und die eine Analyse der Benutzung der Website durch Sie erm\u00f6glichen. Die durch den Cookie erzeugten Informationen \u00fcber Ihre Benutzung dieser Website (einschlie\u00dflich Ihrer IP-Adresse) werden an einen Server von Google in den USA \u00fcbertragen und dort gespeichert.<\/p>\n<p>Wir weisen darauf hin, dass auf dieser Webseite Google Analytics um den Code \u201egat._anonymizeIp();\u201c erweitert wurde, um eine anonymisierte Erfassung von IP-Adressen (sog. IP-Masking) zu gew\u00e4hrleisten.<\/p>\n<p>Ihre IP-Adresse wird daher auf unsere Veranlassung hin von Google lediglich in gek\u00fcrzter Form erfasst, was eine Anonymisierung gew\u00e4hrleistet und keine R\u00fcckschl\u00fcsse auf Ihre Identit\u00e4t zul\u00e4sst. Im Falle der Aktivierung der IP-Anonymisierung auf dieser Webseite, wird Ihre IP-Adresse von Google innerhalb von Mitgliedstaaten der Europ\u00e4ischen Union oder in anderen Vertragsstaaten des Abkommens \u00fcber den Europ\u00e4ischen Wirtschaftsraum zuvor gek\u00fcrzt. Nur in Ausnahmef\u00e4llen wird die volle IP-Adresse an einen Server von Google in den USA \u00fcbertragen und dort gek\u00fcrzt. Google beachtet weiter die Datenschutzbestimmungen des \u201cUS-Safe-Harbor\u201d-Abkommens und ist beim \u201cSafe Harbor\u201d-Programm des US-Handelsministeriums registriert. Google wird die genannten Informationen verwenden, um Ihre Nutzung unserer Webseite auszuwerten, um Reports \u00fcber die Webseitenaktivit\u00e4ten f\u00fcr uns zusammenzustellen und um weitere mit der Nutzung von Webseite und Internet verbundene Dienstleistungen an uns zu erbringen. Die im Rahmen von Google Analytics von Ihrem Browser \u00fcbermittelte IP-Adresse wird nicht mit anderen Daten von Google zusammengef\u00fchrt. Eine \u00dcbertragung dieser Daten durch Google an Dritte findet nur aufgrund gesetzlicher Vorschriften oder im Rahmen der Auftragsdatenverarbeitung statt. Keinesfalls wird Google ihre Daten mit anderen von Google erfassten Daten zusammenbringen.<\/p>\n<p>Durch die Nutzung dieser Webseite erkl\u00e4ren Sie sich mit der Bearbeitung der \u00fcber Sie erhobenen Daten durch Google und der zuvor beschriebenen Art und Weise der Datenverarbeitung sowie dem benannten Zweck einverstanden. Sie k\u00f6nnen die Speicherung der Cookies durch eine entsprechende Einstellung Ihrer Browser-Software verhindern; wir weisen Sie jedoch darauf hin, dass Sie in diesem Fall gegebenenfalls nicht s\u00e4mtliche Funktionen dieser Website vollumf\u00e4nglich werden nutzen k\u00f6nnen. Sie k\u00f6nnen dar\u00fcber hinaus die Erfassung der durch das Cookie erzeugten und auf Ihre Nutzung der Website bezogenen Daten (inkl. Ihrer IP-Adresse) an Google sowie die Verarbeitung dieser Daten durch Google verhindern, indem sie das unter dem folgenden Link: <a href=\"http:\/\/tools.google.com\/dlpage\/gaoptout?hl=de\">http:\/\/tools.google.com\/dlpage\/gaoptout?hl=de<\/a> verf\u00fcgbare\u00a0Browser-Plugin herunterladen und installieren.<\/p>\n<p>N\u00e4here Informationen zu Google Analytics und Datenschutz finden Sie unter: <a href=\"http:\/\/tools.google.com\/dlpage\/gaoptout\">http:\/\/tools.google.com\/dlpage\/gaoptout<\/a>\u00a0bzw. unter: <a href=\"http:\/\/www.google.com\/intl\/de\/analytics\/privacyoverview.html\">http:\/\/www.google.com\/intl\/de\/analytics\/privacyoverview.html<\/a>.<\/p>\n<p><strong>WhatsApp\u00a0Share-Buttons<\/strong><br \/>\nDiese Internetseite verwendet die WhatsApp\u00a0-Buttons, mit deren Hilfe Nutzer Inhalte dieser Seite \u00fcber ihre <span class=\"SpellE\">WhatsApp\u00a0<\/span>-Applikation teilen k\u00f6nnen. Wenn Sie eine Webseite unter dieser Domain aufrufen, werden noch keine Daten des Nutzers an <span class=\"SpellE\">Whatsapp<\/span> \u00fcbermittelt. Die WhatsApp-Buttons entsprechen in ihrer Funktion einem \u00fcblichen HTML-Hyperlink. Wenn Sie einen <span class=\"SpellE\">Whatsapp<\/span>-Button benutzen, erf\u00e4hrt <span class=\"SpellE\">Whatsapp<\/span>, welchen Inhalt Sie von dieser Internetseite teilen m\u00f6chten.\u00a0N\u00e4here Informationen zu &#8222;WhatsApp Rechtliche Hinweise&#8220;, &#8222;WhatsApp-Nutzungsbedingungen&#8220; sowie zu der &#8222;WhatsApp-Datenschutzrichtlinie&#8220;\u00a0finden Sie unter:\u00a0<a href=\"https:\/\/www.whatsapp.com\/legal\/\">https:\/\/www.whatsapp.com\/legal\/<\/a>.<\/p>\n<p><strong>Datenschutzerkl\u00e4rung f\u00fcr die Nutzung von Facebook-Plugins<\/strong><br \/>\nAuf unseren Seiten sind <span class=\"SpellE\">Plugins\u00a0<\/span>des sozialen Netzwerks Facebook (Facebook Inc., 1601 <span class=\"SpellE\">Willow\u00a0<\/span>Road, Menlo Park, California, 94025, USA) integriert. Die Facebook-<span class=\"SpellE\">Plugins<\/span> erkennen Sie an dem Facebook-Logo, dem &#8222;Share-&#8220; oder &#8222;Like-Button&#8220; (&#8222;Gef\u00e4llt mir&#8220;) auf unserer Seite.<\/p>\n<p class=\"MsoNormal\">Eine \u00dcbersicht \u00fcber die Facebook-<span class=\"SpellE\">Plugins<\/span> finden Sie\u00a0hier:\u00a0<a href=\"https:\/\/developers.facebook.com\/\">https:\/\/developers.facebook.com\/<span class=\"SpellE\">docs<\/span>\/<span class=\"SpellE\">plugins<\/span>\/<\/a>.<\/p>\n<p class=\"MsoNormal\">Wenn Sie unsere Seiten besuchen, wird \u00fcber das <span class=\"SpellE\">Plugin<\/span> eine direkte Verbindung zwischen Ihrem Browser und\u00a0dem Facebook-Server hergestellt. Facebook erh\u00e4lt dadurch die Information, dass\u00a0Sie mit Ihrer IP-Adresse unsere Seite besucht haben. Wenn Sie den Facebook &#8222;Like-Button&#8220; anklicken w\u00e4hrend Sie in Ihrem Facebook-Account eingeloggt sind, k\u00f6nnen Sie die Inhalte unserer Seiten auf Ihrem Facebook-Profil verlinken. Dadurch kann Facebook den Besuch unserer Seiten Ihrem Benutzerkonto zuordnen. Wir weisen darauf hin, dass wir als Anbieter der\u00a0Seiten keine Kenntnis vom Inhalt der \u00fcbermittelten Daten sowie deren Nutzung durch Facebook erhalten. Weitere Informationen hierzu finden Sie in der Datenschutzerkl\u00e4rung von <span class=\"SpellE\">Facebook<\/span> unter\u00a0<a href=\"http:\/\/de-de.facebook.com\/policy.php\">http:\/\/de-de.facebook.com\/<span class=\"SpellE\">policy.php<\/span><\/a>.<\/p>\n<p class=\"MsoNormal\">Wenn Sie nicht w\u00fcnschen, dass Facebook den Besuch unserer\u00a0Seiten Ihrem Facebook-Nutzerkonto zuordnen kann, loggen Sie sich bitte aus\u00a0Ihrem Facebook-Benutzerkonto aus.<\/p>\n<p><strong>Erhebung und Verarbeitung bei Nutzung des Kontaktformulars<\/strong><br \/>\nBei Nutzung des Kontaktformulars erheben wir\u00a0personenbezogene Daten (Einzelangaben \u00fcber pers\u00f6nliche oder sachliche Verh\u00e4ltnisse einer bestimmten oder bestimmbaren nat\u00fcrlichen Person) nur in dem\u00a0von Ihnen zur Verf\u00fcgung gestellten Umfang. Ihre E-Mail-Adresse nutzen wir nur zur Bearbeitung Ihrer Anfrage. Ihre Daten werden anschlie\u00dfend gel\u00f6scht, sofern Sie der weitergehenden Verarbeitung und Nutzung nicht zugestimmt haben.<\/p>\n<p><strong>Erhebung und Verarbeitung der Kommentare und Bewertungen der Produkte<\/strong><br \/>\nDie PerfektTrade bietet den Nutzern auf den Produktseiten, die sich auf der Internetseite des f\u00fcr die Verarbeitung Verantwortlichen befindet, die M\u00f6glichkeit, individuelle Kommentare und Bewertungen zu einzelnen Produkten zu hinterlassen. Kommentare sowie Bewertungen sind auf einer Internetseite in der Regel \u00f6ffentlich einsehbar. Diese werden von einer oder mehreren Personen gepostet, die ihre Gedanken und Meinungen zu den Artikeln niederschreiben k\u00f6nnen.<\/p>\n<p>Hinterl\u00e4sst eine betroffene Person einen Kommentar oder Bewertung zu einem Produkt auf dieser Internetseite, werden neben den von der betroffenen Person hinterlassenen Kommentaren auch Angaben zum Zeitpunkt der Kommentareingabe sowie zu dem von der betroffenen Person gew\u00e4hlten Nutzernamen (Pseudonym) und eventtuelle eigene Produktfotos gespeichert und ver\u00f6ffentlicht. Ferner wird die vom Internet-Service-Provider (ISP) der betroffenen Person vergebene IP-Adresse mitprotokolliert. Diese Speicherung der IP-Adresse erfolgt aus Sicherheitsgr\u00fcnden und f\u00fcr den Fall, dass die betroffene Person durch einen abgegebenen Kommentar die Rechte Dritter verletzt oder rechtswidrige Inhalte postet. Die Speicherung dieser personenbezogenen Daten erfolgt daher im eigenen Interesse des f\u00fcr die Verarbeitung Verantwortlichen, damit sich dieser im Falle einer Rechtsverletzung gegebenenfalls exkulpieren k\u00f6nnte. Es erfolgt keine Weitergabe dieser erhobenen personenbezogenen Daten an Dritte, sofern eine solche Weitergabe nicht gesetzlich vorgeschrieben ist oder der Rechtsverteidigung des f\u00fcr die Verarbeitung Verantwortlichen dient.<\/p>\n<p><strong>Nutzung von <\/strong><span class=\"SpellE\"><strong>etracker<\/strong><br \/>\nAuf diesen Internetseiten werden mit Technologien der <span class=\"SpellE\">etracker\u00a0<\/span>GmbH (www.etracker.com) Daten zu Marketing- und Optimierungszwecken gesammelt und gespeichert. Aus diesen Daten k\u00f6nnen unter einem Pseudonym Nutzungsprofile\u00a0erstellt werden. Hierzu k\u00f6nnen Cookies eingesetzt werden. Bei Cookies handelt es sich um kleine Textdateien, die lokal im Zwischenspeicher des Internet-Browsers des Seitenbesuchers gespeichert werden. Die Cookies erm\u00f6glichen die Wiedererkennung des Internet-Browsers. Die mit den <span class=\"SpellE\">etracker<\/span>-Technologien erhobenen Daten werden ohne die gesondert erteilte Zustimmung des Betroffenen nicht dazu benutzt, den Besucher dieser Website pers\u00f6nlich zu identifizieren und nicht mit personenbezogenen Daten \u00fcber den Tr\u00e4ger des Pseudonyms zusammengef\u00fchrt. Der Datenerhebung und\u00a0-speicherung kann jederzeit mit Wirkung f\u00fcr die Zukunft widersprochen werden.\u00a0Um diesen Ausschluss von der Datenspeicherung zu gew\u00e4hrleisten, k\u00f6nnen Sie unter dem nachstehenden Link in Ihrem Browser ein <span class=\"SpellE\">Opt<\/span>-Out-Cookie setzen:\u00a0<a href=\"http:\/\/www.etracker.de\/privacy?et=umbcr3\">http:\/\/www.etracker.de\/privacy?et=umbcr3.<\/a><\/span><\/p>\n<p><strong>Sicherheit<\/strong><br \/>\nWir treffen alle notwendigen technischen und organisatorischen\u00a0Sicherheitsma\u00dfnahmen, um Ihre personenbezogenen Daten vor Verlust und Missbrauch zu sch\u00fctzen. So werden Ihre Daten in einer sicheren Betriebsumgebung\u00a0gespeichert, die der \u00d6ffentlichkeit nicht zug\u00e4nglich ist. In bestimmten F\u00e4llen werden Ihre personenbezogenen Daten bei der \u00dcbermittlung durch die sog. Secure<br \/>\nSocket Layer-Technologie (SSL) verschl\u00fcsselt. Das bedeutet, dass die Kommunikation zwischen Ihrem Computer und unseren Servern unter Einsatz eines anerkannten Verschl\u00fcsselungsverfahrens erfolgt, wenn Ihr Browser SSL unterst\u00fctzt. Sollten Sie mit uns per E-Mail in Kontakt treten wollen, weisen wir darauf hin, dass die Vertraulichkeit der \u00fcbermittelten Informationen nicht gew\u00e4hrleistet ist. Der Inhalt von E-Mails kann von Dritten eingesehen werden. Wir empfehlen Ihnen daher, uns vertrauliche Informationen verschl\u00fcsselt zukommen zu lassen.<\/p>\n<p><strong>Verwendung der Google \u201e+1\u201c-Schaltfl\u00e4che<\/strong><br \/>\nAuf diesen Internetseiten wird die \u201e+1\u201c-Schaltfl\u00e4che des sozialen\u00a0Netzwerkes Google Plus der Google Inc., 1600 <span class=\"SpellE\">Amphitheatre\u00a0<\/span><span class=\"SpellE\">Parkway<\/span>, Mountain View, Kalifornien, 94043 USA, (nachfolgend \u201eGoogle\u201c) verwendet. Wenn Sie eine mit der \u201e+1\u201c-Schaltfl\u00e4che versehene Internetseite unserer Internetpr\u00e4senz aufrufen, wird eine Verbindung zu den Google-Servern in den USA hergestellt und dabei die Schaltfl\u00e4che durch Mitteilung an Ihren Browser auf der Internetseite dargestellt. Hierbei werden sowohl Ihre IP-Adresse als auch die Information, welche unserer Internetseite Sie besucht haben, an den Google-Server \u00fcbermittelt. Dies gilt unabh\u00e4ngig davon, ob Sie bei Google Plus registriert bzw. eingeloggt sind. Auch bei nicht registrierten bzw. nicht eingeloggten Nutzern findet eine \u00dcbermittlung statt. Die \u201e+1\u201c-Schaltfl\u00e4che wird nicht verwendet, um Ihre Besuche im Internet zu erfassen. Google protokolliert beim Anzeigen einer \u201e+1\u201c-Schaltfl\u00e4che nicht dauerhaft Ihren Browserverlauf und wertet Ihren Besuch auf einer Seite mit \u201e+1\u201c-Schaltfl\u00e4che auch nicht in anderer Weise aus. Google speichert etwa zwei Wochen Daten \u00fcber Ihren Besuch zu Systemwartungs- und Fehlerbehebungszwecken. Diese Daten sind jedoch nicht nach individuellen Profilen, Nutzernamen oder URLs strukturiert und werden auch nicht an uns weitergeleitet.<\/p>\n<p class=\"MsoNormal\">Sind Sie dar\u00fcber hinaus Mitglied bei Google Plus und w\u00e4hrend des Zeitpunktes, indem Sie das <span class=\"SpellE\">Plugin<\/span> nutzen, bei Google Plus eingeloggt, werden die gesammelten Informationen \u00fcber Ihren\u00a0Webseitenbesuch mit Ihrem Google Plus Account verkn\u00fcpft und anderen Nutzern bekannt gegeben. Auch im Falle von Interaktionen, die mit den verschiedenen Google <span class=\"SpellE\">Plugins<\/span> m\u00f6glich sind, werden die entsprechenden Informationen \u00fcber Sie gesammelt und an Google \u00fcbermittelt und gespeichert. Eine \u00dcbersicht \u00fcber die verschiedenen Arten der Google <span class=\"SpellE\">Plugins<\/span> k\u00f6nnen Sie hier einsehen:<br \/>\n<a href=\"https:\/\/developers.google.com\/+\/plugins\">https:\/\/developers.google.com\/+\/plugins.<\/a><\/p>\n<p class=\"MsoNormal\">Falls Sie in den Einstellungen von Google Plus Ihr Profil\u00a0\u00f6ffentlich zug\u00e4nglich gemacht haben, k\u00f6nnen Ihre \u201e+1\u201c von Google als Hinweise zusammen mit Ihrem Profilnamen und Ihrem Foto in Google-Diensten, wie etwa in Suchergebnissen oder in Ihrem Google-Profil, oder an anderen Stellen auf Websites und Anzeigen im Internet eingeblendet werden. Wenn Sie nicht m\u00f6chten, dass Google die gesammelten Informationen unmittelbar Ihrem Google Plus Profil zuordnet, m\u00fcssen Sie sich vor dem Besuch unserer Seite bei Google Plus ausloggen.<\/p>\n<p class=\"MsoNormal\">N\u00e4here Informationen zur Erhebung und Nutzung der Daten durch Google, \u00fcber Ihre diesbez\u00fcglichen Rechte und M\u00f6glichkeiten zum Schutz Ihrer Privatsph\u00e4re finden Sie in den Datenschutzhinweisen von Google: <a href=\"http:\/\/www.google.com\/intl\/de\/+\/policy\/+1button.html\">http:\/\/www.google.com\/intl\/de\/+\/policy\/+1button.html<\/a>.<\/p>\n<p class=\"MsoNormal\">Sie haben auch die M\u00f6glichkeit durch Installation\u00a0entsprechender Add-<span class=\"SpellE\">Ons<\/span> in Ihrem Browser, das Laden der Google <span class=\"SpellE\">Plugins<\/span> zu verhindern.<\/p>\n<p><strong>Verwendung von Twitter-<span class=\"SpellE\">Plugins<\/span><\/strong><br \/>\nAuf unserer Website sind die Funktionen des Dienstes Twitter\u00a0eingebunden.\u00a0Twitter ist ein <span class=\"SpellE\">Social<\/span> Media Portal der Firma Twitter Inc.,795 <span class=\"SpellE\">Folsom<\/span> St., Suite 600, San Francisco, CA 94107, (USA).\u00a0Wir verwenden Twitter <span class=\"SpellE\">Plugins<\/span>. Wenn Sie eine entsprechende Website aufrufen, die ein solches <span class=\"SpellE\">Plugin\u00a0<\/span>enth\u00e4lt, kommt es zu einem Austausch der Daten mit den in den USA befindlichen\u00a0Servern von Twitter.\u00a0Auch im Falle von Interaktionen, die mit den verschiedenen Twitter <span class=\"SpellE\">Plugins<\/span> m\u00f6glich sind, werden die entsprechenden Informationen \u00fcber Sie gesammelt und an Twitter \u00fcbermittelt und gespeichert.\u00a0 Sind Sie dar\u00fcber hinaus Mitglied bei Twitter und w\u00e4hrend des Zeitpunktes, indem Sie das <span class=\"SpellE\">Plugin<\/span> nutzen, bei Twitter eingeloggt, werden die gesammelten Informationen \u00fcber Ihren Websitebesuch mit Ihrem Twitter Account verkn\u00fcpft und anderen Nutzern bekanntgegeben.\u00a0Wenn Sie nicht m\u00f6chten, dass Twitter die Informationen mit den Daten Ihres Twitter Kontos verkn\u00fcpft und zusammenf\u00fchrt, m\u00fcssen Sie sich vor dem Besuch unserer Website bei Twitter ausloggen.<\/p>\n<p>Weitere Informationen zur Erhebung und Nutzung von Daten durch Twitter erhalten Sie unter\u00a0<a href=\"https:\/\/twitter.com\/privacy\">https:\/\/twitter.com\/privacy<\/a>\u00a0.<\/p>\n<p><strong>Auskunft, Berichtigung, Sperrung und L\u00f6schung von Daten<\/strong><br \/>\nSie haben jederzeit das Recht auf unentgeltliche Auskunft \u00fcber Ihre gespeicherten Daten sowie das Recht auf Berichtigung, L\u00f6schung bzw. Sperrung. Kontaktieren Sie uns auf Wunsch.\u00a0Die Kontaktdaten finden Sie in unserem Impressum.<\/p>\n<p><strong>\u00c4nderung dieser Datenschutzerkl\u00e4rung<\/strong><br \/>\nDa diese Hinweise der jeweils aktuellen Rechtslage unterliegen, behalten wir uns vor, diese Datenschutzerkl\u00e4rung k\u00fcnftig entsprechend zu \u00e4ndern. Wir empfehlen Ihnen, diese Datenschutzbestimmungen regelm\u00e4\u00dfig zu lesen, um \u00fcber den Schutz der von uns erfassten Daten auf dem Laufenden zu bleiben. Durch die fortgesetzte Nutzung unserer Internetseite bzw. durch eine aufrechte Gesch\u00e4ftsbeziehung erkl\u00e4ren Sie sich mit diesen Datenschutzbestimmungen und deren Aktualit\u00e4t einverstanden.<\/p>\n","protected":false},"excerpt":{"rendered":"<p>Datenschutzbelehrung bis 25.05.2018 Personenbezogene Daten Personenbezogene Daten sind Einzelangaben \u00fcber pers\u00f6nliche oder sachliche Verh\u00e4ltnisse einer bestimmten oder bestimmbaren nat\u00fcrlichen Person. Darunter fallen Informationen wie z. B. Ihr Name, Ihre Anschrift, Ihre Telefonnummer und Ihr Geburtsdatum. Informationen, die nicht direkt mit Ihrer wirklichen Identit\u00e4t in Verbindung gebracht werden \u2013 wie z. B. favorisierte Webseiten oder Anzahl [&hellip;]<\/p>\n","protected":false},"author":1,"featured_media":0,"parent":0,"menu_order":0,"comment_status":"closed","ping_status":"closed","template":"","meta":{"footnotes":""},"class_list":["post-599","page","type-page","status-publish","hentry"],"_links":{"self":[{"href":"https:\/\/perfekttrade.de\/index.php?rest_route=\/wp\/v2\/pages\/599","targetHints":{"allow":["GET"]}}],"collection":[{"href":"https:\/\/perfekttrade.de\/index.php?rest_route=\/wp\/v2\/pages"}],"about":[{"href":"https:\/\/perfekttrade.de\/index.php?rest_route=\/wp\/v2\/types\/page"}],"author":[{"embeddable":true,"href":"https:\/\/perfekttrade.de\/index.php?rest_route=\/wp\/v2\/users\/1"}],"replies":[{"embeddable":true,"href":"https:\/\/perfekttrade.de\/index.php?rest_route=%2Fwp%2Fv2%2Fcomments&post=599"}],"version-history":[{"count":13,"href":"https:\/\/perfekttrade.de\/index.php?rest_route=\/wp\/v2\/pages\/599\/revisions"}],"predecessor-version":[{"id":1053,"href":"https:\/\/perfekttrade.de\/index.php?rest_route=\/wp\/v2\/pages\/599\/revisions\/1053"}],"wp:attachment":[{"href":"https:\/\/perfekttrade.de\/index.php?rest_route=%2Fwp%2Fv2%2Fmedia&parent=599"}],"curies":[{"name":"wp","href":"https:\/\/api.w.org\/{rel}","templated":true}]}}