{"id":49,"date":"2018-01-30T21:21:52","date_gmt":"2018-01-30T21:21:52","guid":{"rendered":"http:\/\/perfekttrade.de\/?page_id=49"},"modified":"2018-02-18T17:05:00","modified_gmt":"2018-02-18T17:05:00","slug":"widerrufsbelehrung","status":"publish","type":"page","link":"https:\/\/perfekttrade.de\/?page_id=49","title":{"rendered":"Widerrufsbelehrung"},"content":{"rendered":"<h1><span style=\"color: #333333;\"><strong>Widerrufsbelehrung<\/strong><\/span><\/h1>\n<div>\n<h4><span style=\"color: #333333;\"><strong>Widerrufsrecht f\u00fcr Verbraucher\u00a0<\/strong><\/span><\/h4>\n<p><span style=\"color: #333333;\">Verbrauchern\u00a0(Verbraucher ist jede nat\u00fcrliche Person, die ein Rechtsgesch\u00e4ft zu Zwecken abschlie\u00dft, die \u00fcberwiegend weder ihrer gewerblichen noch ihrer selbstst\u00e4ndigen beruflichen T\u00e4tigkeit zugerechnet werden kann.) steht das Widerrufsrecht zu. <\/span><\/p>\n<p><span style=\"color: #333333;\">Unternehmern wird kein freiwilliges Widerrufsrecht einger\u00e4umt.<\/span><\/p>\n<p>&nbsp;<\/p>\n<h4><span style=\"color: #333333;\"><strong>Widerrufsrecht<\/strong><\/span><\/h4>\n<p><span style=\"color: #333333;\">Verbraucher haben das Recht, binnen vierzehn Tagen ohne Angabe von Gr\u00fcnden diesen Vertrag zu widerrufen.<\/span><\/p>\n<p><span style=\"color: #333333;\"><strong>Die Widerrufsfrist betr\u00e4gt vierzehn Tage ab dem Tag, an dem Sie oder ein von Ihnen benannter Dritter, der nicht der Bef\u00f6rderer ist, die Waren in Besitz genommen haben bzw. hat.<\/strong><\/span><\/p>\n<p><span style=\"color: #333333;\">Die Inanspruchnahme des Widerrufsrecht setzt voraus, dass Sie innerhalb der Frist von vierzehn Tagen uns<\/span><\/p>\n<p><span style=\"color: #333333;\"><strong>PerfektTrade<br \/>\nFlemingstr. 8<br \/>\n10557 Berlin<br \/>\nGermany<br \/>\nE-Mail: info@perfekttrade.de<\/strong><\/span><\/p>\n<p><span style=\"color: #333333;\">mittels einer eindeutigen Erkl\u00e4rung (z. B. ein mit der Post versandter Brief, Telefax oder E-Mail) \u00fcber den Entschluss, diesen Vertrag zu widerrufen, informieren. Zur Wahrung der Widerrufsfrist reicht es aus, dass Sie die Mitteilung \u00fcber die Aus\u00fcbung des Widerrufsrechts vor Ablauf der Widerrufsfrist absenden.<\/span><\/p>\n<p>&nbsp;<\/p>\n<p><span style=\"color: #333333;\"><strong>Folgen des Widerrufs<\/strong><\/span><\/p>\n<p><span style=\"color: #333333;\">Wenn Sie diesen Vertrag widerrufen, haben wir Ihnen alle Zahlungen, die wir von Ihnen erhalten haben, einschlie\u00dflich der Lieferkosten (mit Ausnahme der zus\u00e4tzlichen Kosten, die sich daraus ergeben, dass Sie eine andere Art der Lieferung als die von uns angebotene, g\u00fcnstigste Standardlieferung gew\u00e4hlt haben), unverz\u00fcglich und sp\u00e4testens binnen vierzehn Tagen ab dem Tag zur\u00fcckzuzahlen, an dem die Mitteilung \u00fcber Ihren Widerruf dieses Vertrags bei uns eingegangen ist. F\u00fcr diese R\u00fcckzahlung verwenden wir dasselbe Zahlungsmittel, das Sie bei der urspr\u00fcnglichen Transaktion eingesetzt haben, es sei denn, mit Ihnen wurde ausdr\u00fccklich etwas anderes vereinbart; in keinem Fall werden Ihnen wegen dieser R\u00fcckzahlung Entgelte berechnet. Wir k\u00f6nnen die R\u00fcckzahlung verweigern, bis wir die Waren wieder zur\u00fcckerhalten haben oder bis Sie den Nachweis erbracht haben, dass Sie die Waren zur\u00fcckgesandt haben, je nachdem, welches der fr\u00fchere Zeitpunkt ist. Sie haben die Waren unverz\u00fcglich und in jedem Fall sp\u00e4testens binnen vierzehn Tagen ab dem Tag, an dem Sie uns \u00fcber den Widerruf dieses Vertrags unterrichten, an oben genannte Adresse zur\u00fcckzusenden oder zu \u00fcbergeben. Die Frist ist gewahrt, wenn Sie die Waren vor Ablauf der Frist von vierzehn Tagen absenden. Sie tragen die unmittelbaren Kosten der R\u00fccksendung der Waren. PerfektTrade \u00fcbernimmt jedoch die Kosten der R\u00fccksendung, wenn der Preis der zur\u00fcckzusendenden Sache einen Betrag von 50 Euro \u00fcbersteigt. Unfreie oder nicht ausreichend frankierte R\u00fccksendungen werden von PerfektTrade nicht angenommen. Sofern die Ware ordnungsgem\u00e4\u00df und rechtzeitig bei PerfektTrade eingeht, wird der Kaufpreis erstattet. Im Rahmen des Widerrufsrechts zur\u00fcckgesandte Ware darf nicht besch\u00e4digt oder sonst verschlechtert sein. Eine Verschlechterung liegt vor, soweit sie auf einen zur Pr\u00fcfung der Beschaffenheit, Eigenschaften und Funktionsweise nicht notwendigen Umgang mit der Sache zur\u00fcckzuf\u00fchren ist. Unter \u201ePr\u00fcfung der Beschaffenheit, Eigenschaften und Funktionsweise\u201c versteht man das Testen und Ausprobieren der jeweiligen Ware, wie es etwa im Ladengesch\u00e4ft m\u00f6glich und \u00fcblich ist. Sie m\u00fcssen f\u00fcr einen etwaigen Wertverlust der Waren nur aufkommen, wenn dieser Wertverlust auf einen zur Pr\u00fcfung der Beschaffenheit, Eigenschaften\u00a0und Funktionsweise der Waren nicht notwendigen Umgang mit ihnen zur\u00fcckzuf\u00fchren ist. Das Widerrufsrecht besteht nicht bei Vertr\u00e4gen zur Lieferung von Waren, die nicht vorgefertigt sind und f\u00fcr deren Herstellung eine individuelle Auswahl oder Bestimmung durch den Verbraucher ma\u00dfgeblich ist oder die eindeutig auf die pers\u00f6nlichen Bed\u00fcrfnisse zugeschnitten sind sowie bei Vertr\u00e4gen zur Lieferung von Ton- oder Videoaufnahmen oder Computersoftware in einer versiegelten Packung, wenn die Versiegelung nach der Lieferung entfernt wurde.<\/span><\/p>\n<p>&nbsp;<\/p>\n<p><span style=\"color: #333333;\"><strong>Sofortige Stornierung<\/strong><\/span><\/p>\n<p><span style=\"color: #333333;\">Wenn Sie nicht warten wollen bis Sie Ihre Bestellung erhalten, um sie\u00a0zu stornieren, bieten wir Ihnen die Sofortige Stornierung an.\u00a0<strong>Diese Stornierung muss binnen 24 Stunden bei uns eingehen. Weiterhin stimmen Sie zu, dass Sie die Geb\u00fchren in H\u00f6he von 2% des Gesamtbetrages f\u00fcr die Transaktion \u00fcbernehmen<\/strong>.\u00a0Das hei\u00dft, dass 98% Ihres bezahlten Betrages umgehend erstattet werden. Diese Geb\u00fchren werden nicht von uns erhoben, sondern von unseren Zahlungsanbietern.<\/span><\/p>\n<p>&nbsp;<\/p>\n<p><span style=\"color: #333333;\"><strong>Ausschluss- bzw. Erl\u00f6schensgr\u00fcnde<\/strong><\/span><\/p>\n<p><span style=\"color: #333333;\">Das Widerrufsrecht besteht nicht bei Vertr\u00e4gen<\/span><\/p>\n<ul>\n<li><span style=\"color: #333333;\">zur Lieferung von Waren, die nicht vorgefertigt sind und f\u00fcr deren Herstellung eine individuelle Auswahl oder Bestimmung durch den Verbraucher ma\u00dfgeblich ist oder die eindeutig auf die pers\u00f6nlichen Bed\u00fcrfnisse des Verbrauchers zugeschnitten sind;<\/span><\/li>\n<li><span style=\"color: #333333;\">zur Lieferung von Waren, die schnell verderben k\u00f6nnen oder deren Verfallsdatum schnell \u00fcberschritten w\u00fcrde;<\/span><\/li>\n<li><span style=\"color: #333333;\">zur Lieferung alkoholischer Getr\u00e4nke, deren Preis bei Vertragsschluss vereinbart wurde, die aber fr\u00fchestens 30 Tage nach Vertragsschluss geliefert werden k\u00f6nnen und deren aktueller Wert von Schwankungen auf dem Markt abh\u00e4ngt, auf die der Unternehmer keinen Einfluss hat;<\/span><\/li>\n<li><span style=\"color: #333333;\">zur Lieferung von Zeitungen, Zeitschriften oder Illustrierten mit Ausnahme von Abonnement-Vertr\u00e4gen.<\/span><\/li>\n<\/ul>\n<p><span style=\"color: #333333;\">Das Widerrufsrecht erlischt vorzeitig bei Vertr\u00e4gen<\/span><\/p>\n<ul>\n<li><span style=\"color: #333333;\">zur Lieferung versiegelter Waren, die aus Gr\u00fcnden des Gesundheitsschutzes oder der Hygiene nicht zur R\u00fcckgabe geeignet sind, wenn ihre Versiegelung nach der Lieferung entfernt wurde;<\/span><\/li>\n<li><span style=\"color: #333333;\">zur Lieferung von Waren, wenn diese nach der Lieferung aufgrund ihrer Beschaffenheit untrennbar mit anderen G\u00fctern vermischt wurden;<\/span><\/li>\n<li><span style=\"color: #333333;\">zur Lieferung von Ton- oder Videoaufnahmen oder Computersoftware in einer versiegelten Packung, wenn die Versiegelung nach der Lieferung entfernt wurde.<\/span><\/li>\n<\/ul>\n<hr \/>\n<p><span style=\"color: #333333;\"><strong>Muster-Widerrufsformular<\/strong><\/span><\/p>\n<p><span style=\"color: #333333;\">(Wenn Sie den Vertrag widerrufen wollen, dann f\u00fcllen Sie bitte dieses Formular aus und senden Sie es zur\u00fcck.)<\/span><\/p>\n<p><span style=\"color: #333333;\">An PerfektTrade, Flemingstr. 8, 10557 Berlin, E-Mail-Adresse:\u00a0info@perfekttrade.de:<\/span><\/p>\n<p><span style=\"color: #333333;\">Hiermit widerrufe(n) ich\/ wir (*)<\/span><\/p>\n<p><span style=\"color: #333333;\">den von mir\/ uns (*) abgeschlossenen Vertrag \u00fcber den Kauf der folgenden Waren (*) \/ die Erbringung der folgenden Dienstleistung (*)<\/span><\/p>\n<p><span style=\"color: #333333;\">____________________________________________________________________<\/span><\/p>\n<p><span style=\"color: #333333;\">Bestellt am (*)\/ erhalten am (*)\u00a0 \u00a0 \u00a0________________________<\/span><\/p>\n<p><span style=\"color: #333333;\">Name des\/ der Verbraucher(s)\u00a0 \u00a0 \u00a0 ________________________<\/span><\/p>\n<p><span style=\"color: #333333;\">Anschrift des\/ der Verbraucher(s)\u00a0________________________<\/span><\/p>\n<p><span style=\"color: #333333;\">Unterschrift des\/ der Verbraucher(s) (nur bei Mitteilung auf Papier)\u00a0________________________<\/span><\/p>\n<p><span style=\"color: #333333;\">Datum\u00a0________________________<\/span><\/p>\n<p><span style=\"color: #333333;\">(*) Unzutreffendes streichen.<\/span><\/p>\n<hr \/>\n<h4><span style=\"color: #333333;\"><strong>Ende der Widerrufsbelehrung<\/strong><\/span><\/h4>\n<\/div>\n","protected":false},"excerpt":{"rendered":"<p>Widerrufsbelehrung Widerrufsrecht f\u00fcr Verbraucher\u00a0 Verbrauchern\u00a0(Verbraucher ist jede nat\u00fcrliche Person, die ein Rechtsgesch\u00e4ft zu Zwecken abschlie\u00dft, die \u00fcberwiegend weder ihrer gewerblichen noch ihrer selbstst\u00e4ndigen beruflichen T\u00e4tigkeit zugerechnet werden kann.) steht das Widerrufsrecht zu. Unternehmern wird kein freiwilliges Widerrufsrecht einger\u00e4umt. &nbsp; Widerrufsrecht Verbraucher haben das Recht, binnen vierzehn Tagen ohne Angabe von Gr\u00fcnden diesen Vertrag zu widerrufen. [&hellip;]<\/p>\n","protected":false},"author":1,"featured_media":0,"parent":0,"menu_order":0,"comment_status":"closed","ping_status":"closed","template":"","meta":{"footnotes":""},"class_list":["post-49","page","type-page","status-publish","hentry"],"_links":{"self":[{"href":"https:\/\/perfekttrade.de\/index.php?rest_route=\/wp\/v2\/pages\/49","targetHints":{"allow":["GET"]}}],"collection":[{"href":"https:\/\/perfekttrade.de\/index.php?rest_route=\/wp\/v2\/pages"}],"about":[{"href":"https:\/\/perfekttrade.de\/index.php?rest_route=\/wp\/v2\/types\/page"}],"author":[{"embeddable":true,"href":"https:\/\/perfekttrade.de\/index.php?rest_route=\/wp\/v2\/users\/1"}],"replies":[{"embeddable":true,"href":"https:\/\/perfekttrade.de\/index.php?rest_route=%2Fwp%2Fv2%2Fcomments&post=49"}],"version-history":[{"count":7,"href":"https:\/\/perfekttrade.de\/index.php?rest_route=\/wp\/v2\/pages\/49\/revisions"}],"predecessor-version":[{"id":556,"href":"https:\/\/perfekttrade.de\/index.php?rest_route=\/wp\/v2\/pages\/49\/revisions\/556"}],"wp:attachment":[{"href":"https:\/\/perfekttrade.de\/index.php?rest_route=%2Fwp%2Fv2%2Fmedia&parent=49"}],"curies":[{"name":"wp","href":"https:\/\/api.w.org\/{rel}","templated":true}]}}